{"id":3692,"date":"2025-09-03T14:11:36","date_gmt":"2025-09-03T18:11:36","guid":{"rendered":"https:\/\/isabellelapointe.com\/?page_id=3692"},"modified":"2025-12-19T16:34:07","modified_gmt":"2025-12-19T21:34:07","slug":"services","status":"publish","type":"page","link":"https:\/\/isabellelapointe.com\/en\/services\/","title":{"rendered":"SERVICES"},"content":{"rendered":"\t\t<div data-elementor-type=\"wp-page\" data-elementor-id=\"3692\" class=\"elementor elementor-3692 elementor-2605\">\n\t\t\t\t<div class=\"elementor-element elementor-element-77c6488e e-con-full e-flex e-con e-parent\" data-id=\"77c6488e\" data-element_type=\"container\">\n\t\t\t\t<div class=\"elementor-element elementor-element-ec5ffe1 elementor-widget elementor-widget-image\" data-id=\"ec5ffe1\" data-element_type=\"widget\" data-widget_type=\"image.default\">\n\t\t\t\t<div class=\"elementor-widget-container\">\n\t\t\t\t\t\t\t\t\t\t\t\t\t\t\t<img fetchpriority=\"high\" decoding=\"async\" width=\"2225\" height=\"500\" src=\"https:\/\/isabellelapointe.com\/wp-content\/uploads\/2025\/12\/SERVICES-isabelle-lapointe-cpa.png\" class=\"attachment-full size-full wp-image-3701\" alt=\"services isabelle lapointe cpa.png\" srcset=\"https:\/\/isabellelapointe.com\/wp-content\/uploads\/2025\/12\/SERVICES-isabelle-lapointe-cpa.png 2225w, https:\/\/isabellelapointe.com\/wp-content\/uploads\/2025\/12\/SERVICES-isabelle-lapointe-cpa-300x67.png 300w, https:\/\/isabellelapointe.com\/wp-content\/uploads\/2025\/12\/SERVICES-isabelle-lapointe-cpa-1024x230.png 1024w, https:\/\/isabellelapointe.com\/wp-content\/uploads\/2025\/12\/SERVICES-isabelle-lapointe-cpa-768x173.png 768w, https:\/\/isabellelapointe.com\/wp-content\/uploads\/2025\/12\/SERVICES-isabelle-lapointe-cpa-1536x345.png 1536w, https:\/\/isabellelapointe.com\/wp-content\/uploads\/2025\/12\/SERVICES-isabelle-lapointe-cpa-2048x460.png 2048w\" sizes=\"(max-width: 2225px) 100vw, 2225px\" title=\"SERVICES\">\t\t\t\t\t\t\t\t\t\t\t\t\t\t\t<\/div>\n\t\t\t\t<\/div>\n\t\t\t\t<\/div>\n\t\t<div class=\"elementor-element elementor-element-9b1f176 e-flex e-con-boxed e-con e-parent\" data-id=\"9b1f176\" data-element_type=\"container\" data-settings=\"{&quot;background_background&quot;:&quot;gradient&quot;}\">\n\t\t\t\t\t<div class=\"e-con-inner\">\n\t\t\t\t<div class=\"elementor-element elementor-element-2a02f5b elementor-widget elementor-widget-heading\" data-id=\"2a02f5b\" data-element_type=\"widget\" data-widget_type=\"heading.default\">\n\t\t\t\t<div class=\"elementor-widget-container\">\n\t\t\t\t\t<h1 class=\"elementor-heading-title elementor-size-default\">Specialized Accounting Recruitment Services<\/h1>\t\t\t\t<\/div>\n\t\t\t\t<\/div>\n\t\t\t\t<div class=\"elementor-element elementor-element-ff9b9c1 elementor-widget-divider--view-line elementor-widget elementor-widget-divider\" data-id=\"ff9b9c1\" data-element_type=\"widget\" data-widget_type=\"divider.default\">\n\t\t\t\t<div class=\"elementor-widget-container\">\n\t\t\t\t\t\t\t<div class=\"elementor-divider\">\n\t\t\t<span class=\"elementor-divider-separator\">\n\t\t\t\t\t\t<\/span>\n\t\t<\/div>\n\t\t\t\t\t\t<\/div>\n\t\t\t\t<\/div>\n\t\t<div class=\"elementor-element elementor-element-fa6a9f7 e-grid e-con-full e-con e-child\" data-id=\"fa6a9f7\" data-element_type=\"container\">\n\t\t\t\t<div class=\"elementor-element elementor-element-eaefa06 elementor-widget elementor-widget-text-editor\" data-id=\"eaefa06\" data-element_type=\"widget\" data-widget_type=\"text-editor.default\">\n\t\t\t\t<div class=\"elementor-widget-container\">\n\t\t\t\t\t\t\t\t\t<p><em>Entrust me with your recruitment, talent acquisition, and executive search needs for strategic finance roles, permanent or temporary, across Quebec and Canada.<\/em><\/p>\t\t\t\t\t\t\t\t<\/div>\n\t\t\t\t<\/div>\n\t\t\t\t<\/div>\n\t\t<div class=\"elementor-element elementor-element-37af3cf e-grid e-con-full e-con e-child\" data-id=\"37af3cf\" data-element_type=\"container\">\n\t\t\t\t<div class=\"elementor-element elementor-element-70fb701 elementor-widget elementor-widget-text-editor\" data-id=\"70fb701\" data-element_type=\"widget\" data-widget_type=\"text-editor.default\">\n\t\t\t\t<div class=\"elementor-widget-container\">\n\t\t\t\t\t\t\t\t\t<ul><li>Finance Controller<\/li><li>Finance Director<\/li><li>Vice President, Finance<\/li><li>Chief Accountant<\/li><li>Accountant<\/li><li>Financial Analyst<\/li><li>Accounting<\/li><li>Technician<\/li><li>Auditor, etc.<\/li><\/ul>\t\t\t\t\t\t\t\t<\/div>\n\t\t\t\t<\/div>\n\t\t\t\t<\/div>\n\t\t\t\t\t<\/div>\n\t\t\t\t<\/div>\n\t\t<div class=\"elementor-element elementor-element-fd1eb4f e-flex e-con-boxed e-con e-parent\" data-id=\"fd1eb4f\" data-element_type=\"container\" data-settings=\"{&quot;background_background&quot;:&quot;classic&quot;}\">\n\t\t\t\t\t<div class=\"e-con-inner\">\n\t\t<div class=\"elementor-element elementor-element-9812560 e-grid e-con-full e-con e-child\" data-id=\"9812560\" data-element_type=\"container\">\n\t\t<div class=\"elementor-element elementor-element-3a0b26c e-flex e-con-boxed e-con e-child\" data-id=\"3a0b26c\" data-element_type=\"container\">\n\t\t\t\t\t<div class=\"e-con-inner\">\n\t\t\t\t<div class=\"elementor-element elementor-element-8c52eeb elementor-widget elementor-widget-heading\" data-id=\"8c52eeb\" data-element_type=\"widget\" data-widget_type=\"heading.default\">\n\t\t\t\t<div class=\"elementor-widget-container\">\n\t\t\t\t\t<h3 class=\"elementor-heading-title elementor-size-default\">EMPLOYERS<\/h3>\t\t\t\t<\/div>\n\t\t\t\t<\/div>\n\t\t\t\t<div class=\"elementor-element elementor-element-b6a13e2 elementor-widget-divider--view-line elementor-widget elementor-widget-divider\" data-id=\"b6a13e2\" data-element_type=\"widget\" data-widget_type=\"divider.default\">\n\t\t\t\t<div class=\"elementor-widget-container\">\n\t\t\t\t\t\t\t<div class=\"elementor-divider\">\n\t\t\t<span class=\"elementor-divider-separator\">\n\t\t\t\t\t\t<\/span>\n\t\t<\/div>\n\t\t\t\t\t\t<\/div>\n\t\t\t\t<\/div>\n\t\t\t\t<div class=\"elementor-element elementor-element-d086591 elementor-widget elementor-widget-text-editor\" data-id=\"d086591\" data-element_type=\"widget\" data-widget_type=\"text-editor.default\">\n\t\t\t\t<div class=\"elementor-widget-container\">\n\t\t\t\t\t\t\t\t\t<p><b>FIND THE IDEAL TALENTL <br \/><\/b>in accounting &amp; finance by benefiting from:<\/p><ul><li>step-by-step support tailored to your needs;<\/li><li>access to a vast network of qualified professionals and hidden gems;<\/li><li>ongoing follow-ups throughout the process;<\/li><li>targeted matching based on your criteria, regardless of your industry, across Qu\u00e9bec;<\/li><li>discussions on market trends.<\/li><\/ul><p><em>Enjoy a value-added experience that combines a deep understanding of your needs, professionalism, innovative strategies, and a human approach.<\/em><\/p>\t\t\t\t\t\t\t\t<\/div>\n\t\t\t\t<\/div>\n\t\t\t\t<div class=\"elementor-element elementor-element-644613b elementor-widget elementor-widget-image\" data-id=\"644613b\" data-element_type=\"widget\" data-widget_type=\"image.default\">\n\t\t\t\t<div class=\"elementor-widget-container\">\n\t\t\t\t\t\t\t\t\t\t\t\t\t\t\t<img decoding=\"async\" width=\"640\" height=\"427\" src=\"https:\/\/isabellelapointe.com\/wp-content\/uploads\/2025\/12\/employeurs.jpg\" class=\"attachment-full size-full wp-image-3706\" alt=\"employeurs.jpg\" srcset=\"https:\/\/isabellelapointe.com\/wp-content\/uploads\/2025\/12\/employeurs.jpg 640w, https:\/\/isabellelapointe.com\/wp-content\/uploads\/2025\/12\/employeurs-300x200.jpg 300w\" sizes=\"(max-width: 640px) 100vw, 640px\" title=\"SERVICES\">\t\t\t\t\t\t\t\t\t\t\t\t\t\t\t<\/div>\n\t\t\t\t<\/div>\n\t\t\t\t<div class=\"elementor-element elementor-element-3fd3fc4 quote elementor-widget elementor-widget-text-editor\" data-id=\"3fd3fc4\" data-element_type=\"widget\" data-widget_type=\"text-editor.default\">\n\t\t\t\t<div class=\"elementor-widget-container\">\n\t\t\t\t\t\t\t\t\t<p><em><strong>If you want to go fast, go alone. If you want to go far, go together.<\/strong><\/em><\/p><hr \/><p>\u2013 African proverb<\/p>\t\t\t\t\t\t\t\t<\/div>\n\t\t\t\t<\/div>\n\t\t\t\t<div class=\"elementor-element elementor-element-060cdb8 elementor-widget elementor-widget-button\" data-id=\"060cdb8\" data-element_type=\"widget\" data-widget_type=\"button.default\">\n\t\t\t\t<div class=\"elementor-widget-container\">\n\t\t\t\t\t\t\t\t\t<div class=\"elementor-button-wrapper\">\n\t\t\t\t\t<a class=\"elementor-button elementor-button-link elementor-size-sm\" href=\"https:\/\/isabellelapointe.com\/contact\/\">\n\t\t\t\t\t\t<span class=\"elementor-button-content-wrapper\">\n\t\t\t\t\t\t\t\t\t<span class=\"elementor-button-text\">Contact me &gt;<\/span>\n\t\t\t\t\t<\/span>\n\t\t\t\t\t<\/a>\n\t\t\t\t<\/div>\n\t\t\t\t\t\t\t\t<\/div>\n\t\t\t\t<\/div>\n\t\t\t\t\t<\/div>\n\t\t\t\t<\/div>\n\t\t<div class=\"elementor-element elementor-element-8cc5ae8 e-con-full e-flex e-con e-child\" data-id=\"8cc5ae8\" data-element_type=\"container\">\n\t\t\t\t<div class=\"elementor-element elementor-element-c6e4e03 elementor-widget elementor-widget-heading\" data-id=\"c6e4e03\" data-element_type=\"widget\" data-widget_type=\"heading.default\">\n\t\t\t\t<div class=\"elementor-widget-container\">\n\t\t\t\t\t<h3 class=\"elementor-heading-title elementor-size-default\">CANDIDATES<\/h3>\t\t\t\t<\/div>\n\t\t\t\t<\/div>\n\t\t\t\t<div class=\"elementor-element elementor-element-7b52964 elementor-widget-divider--view-line elementor-widget elementor-widget-divider\" data-id=\"7b52964\" data-element_type=\"widget\" data-widget_type=\"divider.default\">\n\t\t\t\t<div class=\"elementor-widget-container\">\n\t\t\t\t\t\t\t<div class=\"elementor-divider\">\n\t\t\t<span class=\"elementor-divider-separator\">\n\t\t\t\t\t\t<\/span>\n\t\t<\/div>\n\t\t\t\t\t\t<\/div>\n\t\t\t\t<\/div>\n\t\t\t\t<div class=\"elementor-element elementor-element-8e2371f elementor-widget elementor-widget-text-editor\" data-id=\"8e2371f\" data-element_type=\"widget\" data-widget_type=\"text-editor.default\">\n\t\t\t\t<div class=\"elementor-widget-container\">\n\t\t\t\t\t\t\t\t\t<p><b>FIND THE IDEAL JOB<\/b><br \/><em>in accounting &amp; finance by benefiting from:<\/em><\/p><ul><li>step-by-step support;<\/li><li>confidential support for your job search;<\/li><li>expert guidance throughout the process (resume, interview preparation, salary negotiation, etc.);<\/li><li>access to exclusive job opportunities;<\/li><li>personalized career coaching and onboarding support;<\/li><li>discussions on market trends.<\/li><\/ul><p>I take the time to listen and ask the right questions to offer you a distinctive experience aligned with your aspirations and potential.<\/p>\t\t\t\t\t\t\t\t<\/div>\n\t\t\t\t<\/div>\n\t\t\t\t<div class=\"elementor-element elementor-element-ee08254 elementor-widget elementor-widget-image\" data-id=\"ee08254\" data-element_type=\"widget\" data-widget_type=\"image.default\">\n\t\t\t\t<div class=\"elementor-widget-container\">\n\t\t\t\t\t\t\t\t\t\t\t\t\t\t\t<img decoding=\"async\" width=\"640\" height=\"427\" src=\"https:\/\/isabellelapointe.com\/wp-content\/uploads\/2025\/12\/candidats.jpg\" class=\"attachment-full size-full wp-image-3707\" alt=\"candidats.jpg\" srcset=\"https:\/\/isabellelapointe.com\/wp-content\/uploads\/2025\/12\/candidats.jpg 640w, https:\/\/isabellelapointe.com\/wp-content\/uploads\/2025\/12\/candidats-300x200.jpg 300w\" sizes=\"(max-width: 640px) 100vw, 640px\" title=\"SERVICES\">\t\t\t\t\t\t\t\t\t\t\t\t\t\t\t<\/div>\n\t\t\t\t<\/div>\n\t\t\t\t<div class=\"elementor-element elementor-element-62eaa44 quote elementor-widget elementor-widget-text-editor\" data-id=\"62eaa44\" data-element_type=\"widget\" data-widget_type=\"text-editor.default\">\n\t\t\t\t<div class=\"elementor-widget-container\">\n\t\t\t\t\t\t\t\t\t<p><strong><em>Doing what you love is freedom. Loving what you do is happiness.<\/em><\/strong><\/p><hr \/><p>\u2013 Anonymous<\/p>\t\t\t\t\t\t\t\t<\/div>\n\t\t\t\t<\/div>\n\t\t\t\t<div class=\"elementor-element elementor-element-133a572 elementor-widget elementor-widget-button\" data-id=\"133a572\" data-element_type=\"widget\" data-widget_type=\"button.default\">\n\t\t\t\t<div class=\"elementor-widget-container\">\n\t\t\t\t\t\t\t\t\t<div class=\"elementor-button-wrapper\">\n\t\t\t\t\t<a class=\"elementor-button elementor-button-link elementor-size-sm\" href=\"https:\/\/isabellelapointe.com\/postes-disponibles\/\">\n\t\t\t\t\t\t<span class=\"elementor-button-content-wrapper\">\n\t\t\t\t\t\t\t\t\t<span class=\"elementor-button-text\">AVAILABLE POSITIONS<\/span>\n\t\t\t\t\t<\/span>\n\t\t\t\t\t<\/a>\n\t\t\t\t<\/div>\n\t\t\t\t\t\t\t\t<\/div>\n\t\t\t\t<\/div>\n\t\t\t\t<\/div>\n\t\t\t\t<\/div>\n\t\t\t\t\t<\/div>\n\t\t\t\t<\/div>\n\t\t<div class=\"elementor-element elementor-element-bfc7266 e-flex e-con-boxed elementor-invisible e-con e-parent\" data-id=\"bfc7266\" data-element_type=\"container\" data-settings=\"{&quot;background_background&quot;:&quot;classic&quot;,&quot;animation&quot;:&quot;slideInUp&quot;}\">\n\t\t\t\t\t<div class=\"e-con-inner\">\n\t\t<div class=\"elementor-element elementor-element-8c40518 e-grid e-con-full e-con e-child\" data-id=\"8c40518\" data-element_type=\"container\">\n\t\t\t\t<div class=\"elementor-element elementor-element-7f976c3 elementor-widget elementor-widget-heading\" data-id=\"7f976c3\" data-element_type=\"widget\" data-widget_type=\"heading.default\">\n\t\t\t\t<div class=\"elementor-widget-container\">\n\t\t\t\t\t<h2 class=\"elementor-heading-title elementor-size-default\">Testimonials<\/h2>\t\t\t\t<\/div>\n\t\t\t\t<\/div>\n\t\t\t\t<div class=\"elementor-element elementor-element-31df348 elementor-widget elementor-widget-text-editor\" data-id=\"31df348\" data-element_type=\"widget\" data-widget_type=\"text-editor.default\">\n\t\t\t\t<div class=\"elementor-widget-container\">\n\t\t\t\t\t\t\t\t\t<p><img loading=\"lazy\" decoding=\"async\" src=\"https:\/\/isabellelapointe.com\/wp-content\/uploads\/2025\/09\/5etoiles-gris-300x189.png\" alt=\"5etoiles gris\" width=\"162\" height=\"102\" title=\"SERVICES\">\u00a0<\/p><p><span style=\"font-family: Aptos, sans-serif;\"><span style=\"font-size: 16px;\">Isabelle\u2019s guidance and support helped optimize our recruitment processes and improve the quality of our hires. Her listening skills, professionalism, and strategic vision truly made a difference..<\/span><\/span><\/p><p><span style=\"font-style: inherit; font-weight: inherit;\">Laura, Vice President<\/span><\/p>\t\t\t\t\t\t\t\t<\/div>\n\t\t\t\t<\/div>\n\t\t\t\t<div class=\"elementor-element elementor-element-eb66aab elementor-widget elementor-widget-text-editor\" data-id=\"eb66aab\" data-element_type=\"widget\" data-widget_type=\"text-editor.default\">\n\t\t\t\t<div class=\"elementor-widget-container\">\n\t\t\t\t\t\t\t\t\t<p><img loading=\"lazy\" decoding=\"async\" src=\"https:\/\/isabellelapointe.com\/wp-content\/uploads\/2025\/09\/5etoiles-gris-300x189.png\" alt=\"5etoiles gris\" width=\"162\" height=\"102\" title=\"SERVICES\">\u00a0<\/p><p><span style=\"font-family: Aptos, sans-serif;\"><span style=\"font-size: 16px;\">Thank you, Isabelle. You surprised us and quickly found the ideal person for our team.<\/span><\/span><\/p><p><span style=\"font-style: inherit; font-weight: inherit;\">Etienne, CPA, CFO<\/span><\/p>\t\t\t\t\t\t\t\t<\/div>\n\t\t\t\t<\/div>\n\t\t\t\t<\/div>\n\t\t<div class=\"elementor-element elementor-element-8eea21e e-grid e-con-full e-con e-child\" data-id=\"8eea21e\" data-element_type=\"container\">\n\t\t\t\t<div class=\"elementor-element elementor-element-9d58205 elementor-widget elementor-widget-text-editor\" data-id=\"9d58205\" data-element_type=\"widget\" data-widget_type=\"text-editor.default\">\n\t\t\t\t<div class=\"elementor-widget-container\">\n\t\t\t\t\t\t\t\t\t<p><img loading=\"lazy\" decoding=\"async\" src=\"https:\/\/isabellelapointe.com\/wp-content\/uploads\/2025\/09\/5etoiles-gris-300x189.png\" alt=\"5etoiles gris\" width=\"162\" height=\"102\" title=\"SERVICES\">\u00a0<\/p><p><span style=\"font-family: Aptos, sans-serif; font-size: 12pt;\">Isabelle naturally inspires trust through her kind and human approach. She listens attentively and knows how to ask the right questions at the right time, making every exchange meaningful and constructive. A true value-added professional.<\/span><em><strong>\u00a0<\/strong><\/em><\/p><p><span style=\"font-style: inherit; font-weight: inherit;\">Sonia, CPA<\/span><\/p>\t\t\t\t\t\t\t\t<\/div>\n\t\t\t\t<\/div>\n\t\t\t\t<div class=\"elementor-element elementor-element-54b5ce4 elementor-widget elementor-widget-text-editor\" data-id=\"54b5ce4\" data-element_type=\"widget\" data-widget_type=\"text-editor.default\">\n\t\t\t\t<div class=\"elementor-widget-container\">\n\t\t\t\t\t\t\t\t\t<p><img loading=\"lazy\" decoding=\"async\" src=\"https:\/\/isabellelapointe.com\/wp-content\/uploads\/2025\/09\/5etoiles-gris-300x189.png\" alt=\"5etoiles gris\" width=\"162\" height=\"102\" title=\"SERVICES\">\u00a0<\/p><p><span style=\"font-family: Aptos, sans-serif; font-size: 12pt;\"><em>Thanks to Isabelle\u2019s career advice, I chose to reorient my career toward becoming a CPA. Her listening skills and shared experiences greatly clarified my path.<\/em>.<\/span><em><strong>\u00a0<\/strong><\/em><\/p><p><span style=\"font-style: inherit; font-weight: inherit;\">Annabelle, CPA candidate<\/span><\/p>\t\t\t\t\t\t\t\t<\/div>\n\t\t\t\t<\/div>\n\t\t\t\t<\/div>\n\t\t<div class=\"elementor-element elementor-element-e28c8a7 e-grid e-con-full e-con e-child\" data-id=\"e28c8a7\" data-element_type=\"container\">\n\t\t\t\t<div class=\"elementor-element elementor-element-dd814e5 elementor-widget elementor-widget-text-editor\" data-id=\"dd814e5\" data-element_type=\"widget\" data-widget_type=\"text-editor.default\">\n\t\t\t\t<div class=\"elementor-widget-container\">\n\t\t\t\t\t\t\t\t\t<p><img loading=\"lazy\" decoding=\"async\" src=\"https:\/\/isabellelapointe.com\/wp-content\/uploads\/2025\/09\/5etoiles-gris-300x189.png\" alt=\"5etoiles gris\" width=\"162\" height=\"102\" title=\"SERVICES\">\u00a0<\/p><p><span style=\"font-family: Aptos, sans-serif; font-size: 12pt;\"><em>Isabelle, thank you for the support you provided. It helped me make an informed decision at a key moment in my professional journey.<\/em><\/span><\/p><p><span style=\"font-style: inherit; font-weight: inherit;\">Fran\u00e7ois, MBA, Senior Consultant<\/span><\/p>\t\t\t\t\t\t\t\t<\/div>\n\t\t\t\t<\/div>\n\t\t\t\t<\/div>\n\t\t<div class=\"elementor-element elementor-element-b7bf6f1 e-grid e-con-full e-con e-child\" data-id=\"b7bf6f1\" data-element_type=\"container\">\n\t\t\t\t<div class=\"elementor-element elementor-element-0f57965 elementor-widget elementor-widget-text-editor\" data-id=\"0f57965\" data-element_type=\"widget\" data-widget_type=\"text-editor.default\">\n\t\t\t\t<div class=\"elementor-widget-container\">\n\t\t\t\t\t\t\t\t\t<p><img loading=\"lazy\" decoding=\"async\" src=\"https:\/\/isabellelapointe.com\/wp-content\/uploads\/2025\/09\/5etoiles-gris-300x189.png\" alt=\"5etoiles gris\" width=\"162\" height=\"102\" title=\"SERVICES\">\u00a0<\/p><p><span style=\"font-size: 12pt; font-family: Aptos, sans-serif; margin: 0px;\" data-olk-copy-source=\"MessageBody\"><em>Isabelle\u2019s expertise and listening skills make all the difference in our conversations.<\/em>\u2019expertise d\u2019Isabelle et son \u00e9coute font toute la diff\u00e9rence dans nos \u00e9changes.<\/span><\/p><p><span style=\"font-style: inherit; font-weight: inherit;\">Lyne, CPA<\/span><\/p>\t\t\t\t\t\t\t\t<\/div>\n\t\t\t\t<\/div>\n\t\t\t\t<\/div>\n\t\t<div class=\"elementor-element elementor-element-6c57bb1 e-grid e-con-full e-con e-child\" data-id=\"6c57bb1\" data-element_type=\"container\">\n\t\t\t\t<div class=\"elementor-element elementor-element-07513ab elementor-widget elementor-widget-text-editor\" data-id=\"07513ab\" data-element_type=\"widget\" data-widget_type=\"text-editor.default\">\n\t\t\t\t<div class=\"elementor-widget-container\">\n\t\t\t\t\t\t\t\t\t<p><img loading=\"lazy\" decoding=\"async\" src=\"https:\/\/isabellelapointe.com\/wp-content\/uploads\/2025\/09\/5etoiles-gris-300x189.png\" alt=\"5etoiles gris\" width=\"162\" height=\"102\" title=\"SERVICES\">\u00a0<\/p><p><span style=\"font-size: 12pt; font-family: Aptos, sans-serif; margin: 0px;\" data-olk-copy-source=\"MessageBody\"><em>Isabelle knows how to listen and ask the right questions to clearly identify needs.<br \/><\/em><\/span><\/p><p><span style=\"font-style: inherit; font-weight: inherit;\">Isabelle, CPA<\/span><\/p>\t\t\t\t\t\t\t\t<\/div>\n\t\t\t\t<\/div>\n\t\t\t\t<\/div>\n\t\t<div class=\"elementor-element elementor-element-2fcc3a1 e-grid e-con-full e-con e-child\" data-id=\"2fcc3a1\" data-element_type=\"container\">\n\t\t\t\t<div class=\"elementor-element elementor-element-4bd10b6 elementor-widget elementor-widget-text-editor\" data-id=\"4bd10b6\" data-element_type=\"widget\" data-widget_type=\"text-editor.default\">\n\t\t\t\t<div class=\"elementor-widget-container\">\n\t\t\t\t\t\t\t\t\t<p><img loading=\"lazy\" decoding=\"async\" src=\"https:\/\/isabellelapointe.com\/wp-content\/uploads\/2025\/09\/5etoiles-gris-300x189.png\" alt=\"5etoiles gris\" width=\"162\" height=\"102\" title=\"SERVICES\">\u00a0<\/p><p><span style=\"font-size: 12pt; font-family: Aptos, sans-serif; margin: 0px;\" data-olk-copy-source=\"MessageBody\"><em>Isabelle\u2019s expertise and effective questioning encourage reflection and bring clarity.<\/em><\/span><\/p><p><span style=\"font-style: inherit; font-weight: inherit;\">Nathalie, Entrepreneur<\/span><\/p>\t\t\t\t\t\t\t\t<\/div>\n\t\t\t\t<\/div>\n\t\t\t\t<\/div>\n\t\t\t\t\t<\/div>\n\t\t\t\t<\/div>\n\t\t\t\t<\/div>\n\t\t","protected":false},"excerpt":{"rendered":"<p>Specialized Accounting Recruitment Services Entrust me with your recruitment, talent acquisition, and executive search needs for strategic finance roles, permanent or temporary, across Quebec and Canada. Finance Controller Finance Director Vice President, Finance Chief Accountant Accountant Financial Analyst Accounting Technician Auditor, etc. EMPLOYERS FIND THE IDEAL TALENTL in accounting &amp; finance by benefiting from: step-by-step [&hellip;]<\/p>\n","protected":false},"author":2,"featured_media":0,"parent":0,"menu_order":0,"comment_status":"closed","ping_status":"closed","template":"","meta":{"site-sidebar-layout":"no-sidebar","site-content-layout":"page-builder","ast-site-content-layout":"full-width-container","site-content-style":"unboxed","site-sidebar-style":"unboxed","ast-global-header-display":"","ast-banner-title-visibility":"","ast-main-header-display":"","ast-hfb-above-header-display":"","ast-hfb-below-header-display":"","ast-hfb-mobile-header-display":"","site-post-title":"disabled","ast-breadcrumbs-content":"","ast-featured-img":"disabled","footer-sml-layout":"","theme-transparent-header-meta":"","adv-header-id-meta":"","stick-header-meta":"","header-above-stick-meta":"","header-main-stick-meta":"","header-below-stick-meta":"","astra-migrate-meta-layouts":"set","ast-page-background-enabled":"default","ast-page-background-meta":{"desktop":{"background-color":"","background-image":"","background-repeat":"repeat","background-position":"center center","background-size":"auto","background-attachment":"scroll","background-type":"","background-media":"","overlay-type":"","overlay-color":"","overlay-opacity":"","overlay-gradient":""},"tablet":{"background-color":"","background-image":"","background-repeat":"repeat","background-position":"center center","background-size":"auto","background-attachment":"scroll","background-type":"","background-media":"","overlay-type":"","overlay-color":"","overlay-opacity":"","overlay-gradient":""},"mobile":{"background-color":"","background-image":"","background-repeat":"repeat","background-position":"center center","background-size":"auto","background-attachment":"scroll","background-type":"","background-media":"","overlay-type":"","overlay-color":"","overlay-opacity":"","overlay-gradient":""}},"ast-content-background-meta":{"desktop":{"background-color":"var(--ast-global-color-5)","background-image":"","background-repeat":"repeat","background-position":"center center","background-size":"auto","background-attachment":"scroll","background-type":"","background-media":"","overlay-type":"","overlay-color":"","overlay-opacity":"","overlay-gradient":""},"tablet":{"background-color":"var(--ast-global-color-5)","background-image":"","background-repeat":"repeat","background-position":"center center","background-size":"auto","background-attachment":"scroll","background-type":"","background-media":"","overlay-type":"","overlay-color":"","overlay-opacity":"","overlay-gradient":""},"mobile":{"background-color":"var(--ast-global-color-5)","background-image":"","background-repeat":"repeat","background-position":"center center","background-size":"auto","background-attachment":"scroll","background-type":"","background-media":"","overlay-type":"","overlay-color":"","overlay-opacity":"","overlay-gradient":""}},"footnotes":""},"class_list":["post-3692","page","type-page","status-publish","hentry"],"_links":{"self":[{"href":"https:\/\/isabellelapointe.com\/en\/wp-json\/wp\/v2\/pages\/3692","targetHints":{"allow":["GET"]}}],"collection":[{"href":"https:\/\/isabellelapointe.com\/en\/wp-json\/wp\/v2\/pages"}],"about":[{"href":"https:\/\/isabellelapointe.com\/en\/wp-json\/wp\/v2\/types\/page"}],"author":[{"embeddable":true,"href":"https:\/\/isabellelapointe.com\/en\/wp-json\/wp\/v2\/users\/2"}],"replies":[{"embeddable":true,"href":"https:\/\/isabellelapointe.com\/en\/wp-json\/wp\/v2\/comments?post=3692"}],"version-history":[{"count":28,"href":"https:\/\/isabellelapointe.com\/en\/wp-json\/wp\/v2\/pages\/3692\/revisions"}],"predecessor-version":[{"id":3843,"href":"https:\/\/isabellelapointe.com\/en\/wp-json\/wp\/v2\/pages\/3692\/revisions\/3843"}],"wp:attachment":[{"href":"https:\/\/isabellelapointe.com\/en\/wp-json\/wp\/v2\/media?parent=3692"}],"curies":[{"name":"wp","href":"https:\/\/api.w.org\/{rel}","templated":true}]}}